{"id":554,"date":"2024-11-27T05:41:40","date_gmt":"2024-11-27T02:41:40","guid":{"rendered":"https:\/\/muratpasabeyazesyaservisi.com\/?page_id=554"},"modified":"2024-12-08T23:05:22","modified_gmt":"2024-12-08T20:05:22","slug":"muratpasa-buzdolabi-servisi","status":"publish","type":"page","link":"https:\/\/muratpasabeyazesyaservisi.com\/index.php\/muratpasa-beyaz-esya-servisi\/muratpasa-buzdolabi-servisi\/","title":{"rendered":"Muratpa\u015fa Buzdolab\u0131 Servisi"},"content":{"rendered":"\n<p>Muratpa\u015fa Buzdolab\u0131 Servisi 05532047453 olarak en profesyonel tamir \u00e7\u00f6z\u00fcmleri sunuyoruz.<\/p>\n\n\n\n<figure class=\"wp-block-image size-large is-resized\"><img loading=\"lazy\" decoding=\"async\" width=\"1024\" height=\"341\" src=\"http:\/\/muratpasabeyazesyaservisi.com\/wp-content\/uploads\/2024\/11\/Muratpasa-Buzdolabi-Servisi-0553-204-74-53-ariza-bakim-onarimda-uzman-tamir-cozumleri-Antalya-1024x341.png\" alt=\"Muratpa\u015fa Buzdolab\u0131 Servisi olarak Antalya\/Muratpa\u015fa'da cihazlar\u0131n\u0131z\u0131n tamirinde g\u00fcvenilir \u00e7\u00f6z\u00fcmler sunmaktay\u0131z. Muratpa\u015fa Beyaz E\u015fya Tamircisi olarak s\u00f6ylemeliyim ki, evinizde yiyeceklerimizi bozulmas\u0131n\u0131 engelleyen buzdolaplar\u0131m\u0131zd\u0131r. Fakat Buzdolab\u0131 motorunun yanmas\u0131, y\u00fcksek voltaj, ta\u015f\u0131nma gibi sebeplerden ar\u0131zalanabilmektedir. B\u00f6yle durumlarda yap\u0131lmas\u0131 gereken en ak\u0131ll\u0131ca se\u00e7enek. Tabii ki Muratpa\u015fa beyaz e\u015fya ve buzdolab\u0131 servisi 05532047453 telefonunu aramakt\u0131r. Ayr\u0131ca Muratpa\u015fa Buzdolab\u0131 tamiri yapan servis irtibat telefon TEL:+905532047453 numaram\u0131z\u0131 da arayabilirsiniz.\n\nK\u0131sacas\u0131 her \u00e7e\u015fit Buzdolab\u0131 ar\u0131zas\u0131nda MURATPA\u015eA BORSA TEKN\u0130K tamircisi haz\u0131rd\u0131r. Acil tamirlerde 30 dakikada Muratpa\u015fa Buzdolab\u0131 Servisi 05532047453 hemen tamire gelir. Ayr\u0131ca Buzdolab\u0131n\u0131z\u0131n ar\u0131zas\u0131n\u0131n temel problemlerini hemen bulup, kal\u0131c\u0131 \u00e7\u00f6z\u00fcmler sunar. K\u0131sacas\u0131 buzdolab\u0131n\u0131z\u0131 ilk g\u00fcnk\u00fc performans\u0131na getirir. Ayr\u0131ca Muratpa\u015fa'da g\u00fcvenilir ve en iyi Buzdolab\u0131 tamircisi olarak en yak\u0131n servistir.\n\nBuzdolab\u0131 kompres\u00f6r ar\u0131zas\u0131, r\u00f6le termik atma sorunlar\u0131. Ard\u0131ndan elektriksel nokta ar\u0131zalar\u0131. Sonra motordan gelen y\u00fcksek ses, g\u00fcr\u00fclt\u00fc \u00e7\u0131karmas\u0131. Hatta Yere su s\u0131zd\u0131rmas\u0131, karlama, buzlama sorunlar\u0131. Altta veya \u00fcstteki so\u011futma, delinme problemleri. Is\u0131nma, Termik atma, Sigorta, \u015eartel att\u0131rma. Kap\u0131 lastik y\u0131rt\u0131lmas\u0131, m\u0131knat\u0131s, conta sorunlar\u0131. Ana kart yanmas\u0131, ar\u0131za hata kodlar\u0131 vermesi. Kontrol paneli, derece, gaz\u0131n\u0131n bozulmas\u0131, ka\u00e7mas\u0131, bitmesi, t\u0131kanmas\u0131. Bunun gibi Buzdolab\u0131 ar\u0131zalar\u0131 sizi hi\u00e7 kayg\u0131land\u0131rmas\u0131n. \u00c7\u00fcnk\u00fc yap\u0131lmas\u0131 gereken ak\u0131ll\u0131ca i\u015f Muratpa\u015fa Buzdolab\u0131 Servisi TEL:05532047453 numaras\u0131n\u0131 aramakt\u0131r.\n\n Buzdolab\u0131n\u0131z pazar g\u00fcn\u00fc ar\u0131zalan\u0131rsa unutmay\u0131n ki haftan\u0131n her g\u00fcn\u00fc, 7\/24 kesintisiz hizmet Muratpa\u015fa'da. Hatta Bayram, Resmi tatil g\u00fcnlerinde Antalya Muratpa\u015fa'da a\u00e7\u0131k Buzdolab\u0131 tamiri yapan servisler i\u00e7indeyiz. M\u00fc\u015fteri Memnuniyeti Muratpa\u015fa Beyaz E\u015fya Servisi i\u00e7in en y\u00fcksek \u00f6neme sahiptir. \u00c7\u00fcnk\u00fc Muratpa\u015fa Buzdolab\u0131 Tamircisi y\u0131llara dayal\u0131 tecr\u00fcbesiyle m\u00fc\u015fteri memnuniyeti odakl\u0131 tamir yapar. Ayr\u0131ca Muratpa\u015fa b\u00f6lgesinde Buzdolab\u0131 motor de\u011fi\u015fiminde bir y\u0131l garanti vermekteyiz. Ek olarak Muratpa\u015fa Teknik Buzdolab\u0131 tamirinde orijinal yedek par\u00e7a kullanmay\u0131 tercih eder.\n\nMuratpa\u015fa'da tamircisi oldu\u011fumuz bilindik buzdolab\u0131 markalar\u0131na Ar\u00e7elik, Beko, Bosch, Siemens, Profilo \u00f6rnek verilebiliriz. Ayr\u0131ca Muratpa\u015fa'da LG, Vestel, Samsung, Seg, Altus, Hoover, Ariston Hotpoint, \u0130ndesit buzdolaplar\u0131n\u0131n tamirini yapmaktay\u0131z.\n\nAntalya\/Muratpa\u015fa'da: Bah\u00e7elievler, \u00c7ar\u015f\u0131, Eskisanayi, Fener, Gen\u00e7lik, K\u0131z\u0131ltoprak, Lara, Meltem, Meydankava\u011f\u0131 Muratpa\u015fa Buzdolab\u0131 Servisi hizmet b\u00f6lgelerdir.\" class=\"wp-image-563\" style=\"width:1200px;height:auto\" srcset=\"https:\/\/muratpasabeyazesyaservisi.com\/wp-content\/uploads\/2024\/11\/Muratpasa-Buzdolabi-Servisi-0553-204-74-53-ariza-bakim-onarimda-uzman-tamir-cozumleri-Antalya-1024x341.png 1024w, https:\/\/muratpasabeyazesyaservisi.com\/wp-content\/uploads\/2024\/11\/Muratpasa-Buzdolabi-Servisi-0553-204-74-53-ariza-bakim-onarimda-uzman-tamir-cozumleri-Antalya-300x100.png 300w, https:\/\/muratpasabeyazesyaservisi.com\/wp-content\/uploads\/2024\/11\/Muratpasa-Buzdolabi-Servisi-0553-204-74-53-ariza-bakim-onarimda-uzman-tamir-cozumleri-Antalya-768x256.png 768w, https:\/\/muratpasabeyazesyaservisi.com\/wp-content\/uploads\/2024\/11\/Muratpasa-Buzdolabi-Servisi-0553-204-74-53-ariza-bakim-onarimda-uzman-tamir-cozumleri-Antalya.png 1500w\" sizes=\"auto, (max-width: 1024px) 100vw, 1024px\" \/><\/figure>\n\n\n\n<h2 class=\"wp-block-heading\"><a href=\"https:\/\/muratpasabeyazesyaservisi.com\/\">Antalya Muratpa\u015fa Buzdolab\u0131 Tamircisi<\/a><\/h2>\n\n\n\n<p>Muratpa\u015fa Beyaz E\u015fya Teknik Servis 0553 204 74 53, profesyonel \u00e7\u00f6z\u00fcmler sunan buzdolab\u0131 tamircisi.<\/p>\n\n\n\n<h2 class=\"wp-block-heading\"><a href=\"https:\/\/antalyabeyazesyateknikservis07.com\/muratpasa-beyaz-esya-servis-tel05532047453\/\">Buzdolab\u0131 Tamirinde Kaliteli \u00c7\u00f6z\u00fcmler<\/a><\/h2>\n\n\n\n<p>Ya\u015fam kalitemizi iyile\u015ftiren buzdolaplar\u0131n\u0131n tamiri i\u00e7in Muratpa\u015fa Beyaz E\u015fya Teknik Servisi kaliteli \u00e7\u00f6z\u00fcmler sunar. Hayat\u0131m\u0131z\u0131n olmazsa olmazlar\u0131ndan olan buzdolaplar\u0131 devaml\u0131 kullan\u0131m ve zamanla olu\u015fan a\u015f\u0131nmalarla ar\u0131zalanabilir. Bu dudumda yap\u0131lmas\u0131 gereken ak\u0131ll\u0131ca hareket kaliteli ve h\u0131zl\u0131 Muratpa\u015fa buzdolab\u0131 tamircisi ile ileti\u015fime ge\u00e7mektir. \u00c7\u00fcnk\u00fc sizin i\u00e7in Antalya Muratpa\u015fa&#8217;da buzdolab\u0131 bak\u0131m, tamir ve onar\u0131m\u0131 i\u00e7in kaliteli \u00e7\u00f6z\u00fcmler sunmaktay\u0131z.<\/p>\n\n\n\n<p><strong>Uzman ve profesyonel Buzdolab\u0131 Tamiri<\/strong>;<\/p>\n\n\n\n<p>Buzdolab\u0131 kokuyor, az so\u011futmuyor. Ard\u0131ndan Kompres\u00f6r\u00fc sesli \u00e7al\u0131\u015f\u0131yor, yere su s\u0131zd\u0131r\u0131yor. Veyahut \u00fcst\u00fc az so\u011futuyor, alt k\u0131sm\u0131 hi\u00e7 so\u011futmuyor olabilir. Hatta buzdolab\u0131nda hi\u00e7 elektrik gelmiyor, motor \u00e7al\u0131\u015fm\u0131yor, \u00e7\u0131t sesinden sonra duruyor olabilir. Ancak Muratpa\u015fa buzdolab\u0131 tamircisi varken panik etmenize gerek yok. \u00c7\u00fcnk\u00fc Muratpa\u015fa Beyaz E\u015fya Servisi 05532047453 numaras\u0131n\u0131 buzdolab\u0131 tamiri i\u00e7in araman\u0131z yeterlidir. Muratpa\u015fa&#8217;da 30 dakikada hemen geliyoruz. Sonra Muratpa\u015fa&#8217;da ki buzdolab\u0131n\u0131z i\u00e7in ar\u0131za tespiti yap\u0131yoruz. Sonra buzdolab\u0131 Muratpa\u015fa&#8217;da yani yerinde tamir ederek sa\u011flam durumuna getiriyoruz.<\/p>\n\n\n\n<p><strong>Muratpa\u015fa\u2019da Her Zaman Yan\u0131n\u0131zdaki Tamirci :<a href=\"https:\/\/www.facebook.com\/antalyamurtpasabeyazesyatamircisi\/\">\u00a07\/24 Kesintisiz<\/a> Tamir<\/strong> <\/p>\n\n\n\n<p>Buzdolab\u0131 tamiri i\u00e7in Bayram, Resmi Tatil ve Pazar g\u00fcn\u00fc Muratpa\u015fa b\u00f6lgesinde a\u00e7\u0131k tamirci olarak hizmetinizdeyiz. \u00d6zetle Muratpa\u015fa (TEL:05532047453), Buzdolab\u0131 Tamir Servisi her g\u00fcn kesintisiz servis hizmeti vermektedir. K\u0131sacas\u0131 Muratpa\u015fa Uzman teknisyen kadromuzla, Muratpa\u015fa&#8217;da en yak\u0131n tamirci olarak buzdolab\u0131n\u0131z\u0131n ar\u0131zalar\u0131na h\u0131zl\u0131 \u00e7\u00f6z\u00fcyoruz sunuyoruz.<\/p>\n\n\n\n<h3 class=\"wp-block-heading\"><strong><strong>Buzdolab\u0131 <\/strong>Ar\u0131zalar\u0131: G\u00fcvenilir \u00c7\u00f6z\u00fcmler<\/strong><\/h3>\n\n\n\n<p>Muratpa\u015fa Buzdolab\u0131 Servisi genel ar\u0131zalar\u0131 \u00e7ok iyi biliyor. Sonra buzdolaplar\u0131 i\u00e7in en g\u00fcvenilir ve kaliteli \u00e7\u00f6z\u00fcmleri sunuyoruz:<\/p>\n\n\n\n<ul class=\"wp-block-list\">\n<li>Elektriksel ba\u011flant\u0131, Ana kart ar\u0131zalar\u0131,<\/li>\n\n\n\n<li>So\u011futma, karlama, buzlama, buhar yapmas\u0131,<\/li>\n\n\n\n<li>Kompres\u00f6r, r\u00f6le termik a\u00e7ma, Fan motoru ar\u0131zalar\u0131,<\/li>\n\n\n\n<li>A\u015f\u0131r\u0131 \u0131s\u0131nma, alt veya \u00fcst k\u0131sm\u0131n so\u011futma problemleri,<\/li>\n\n\n\n<li>Su s\u0131zd\u0131rma, damlatma, su tahliye s\u0131k\u0131nt\u0131lar\u0131,<\/li>\n\n\n\n<li>Rezistans, defrost tak\u0131m\u0131n\u0131n \u00e7al\u0131\u015fmamas\u0131,<\/li>\n\n\n\n<li>Muratpa\u015fa Buzdolab\u0131 gaz\u0131 ka\u00e7ma, t\u0131kanma, servisi dola\u015fma problemi,<\/li>\n\n\n\n<li>Kap\u0131 conta, m\u0131knat\u0131s, lastik y\u0131rt\u0131lma sorunlar\u0131<\/li>\n\n\n\n<li>Hata kodlar\u0131, ar\u0131za kodu verme,<\/li>\n\n\n\n<li>A\u015f\u0131r\u0131 sesli, G\u00fcr\u00fclt\u00fc \u00e7\u0131kararak \u00e7al\u0131\u015fmas\u0131,<\/li>\n\n\n\n<li>Kontrol Paneli, Derece g\u00f6sterge sorunlar\u0131,<\/li>\n\n\n\n<li>Termostat, Sens\u00f6r problemleri,<\/li>\n\n\n\n<li>Motor yanmas\u0131, Sigorta atmas\u0131,<\/li>\n\n\n\n<li>Gaz\u0131n\u0131n azalmas\u0131, ka\u00e7mas\u0131, bozulmas\u0131<\/li>\n<\/ul>\n\n\n\n<p>Daha bir\u00e7ok ar\u0131zan\u0131n tamiri i\u00e7in g\u00fcvenilir \u00e7\u00f6z\u00fcmler sunan Muratpa\u015fa Buzdolab\u0131 Tamir Servisi 05532047453 telefonuyla irtibata ge\u00e7ebilirsiniz.<\/p>\n\n\n\n<p><strong>Muratpa\u015fa Beyaz E\u015fya Servisi: \u00d6nce M\u00fc\u015fteri Memnuniyeti<\/strong><\/p>\n\n\n\n<p>Muratpa\u015fa&#8217;da buzdolab\u0131 tamirlerinde edindi\u011fimiz tecr\u00fcbe \u00f6nce m\u00fc\u015fteri memnuniyetinin geldi\u011fini \u00f6\u011fretmi\u015ftir. Bu neden ile hedefimiz, g\u00fcvenilir servis anlay\u0131\u015f\u0131 ile Antalya Muratpa\u015fa\u2019da en kaliteli buzdolab\u0131 servisi olmakt\u0131r.<\/p>\n\n\n\n<p><strong><a href=\"https:\/\/antalyabeyazesyateknikservis07.com\/muratpasa-antalya-beyaz-esya-teknik-servis-irtibat-telefon-numaralari-905532047453\/\">Buzdolab\u0131 Tamirde En G\u00fcvenilir Servis<\/a>: 1 Y\u0131l Yedek Par\u00e7a Garantisi<\/strong><\/p>\n\n\n\n<p>Amac\u0131m\u0131z, en uygun fiyatlara en kaliteli buzdolab\u0131 tamiri. Ard\u0131ndan Muratpa\u015fa\u2019da en az servis \u00fccreti alan beyaz e\u015fya firmas\u0131. Sonra Antalya Muratpa\u015fa\u2019da en h\u0131zl\u0131 gelen beyaz e\u015fya tamircisi. Nihayet Muratpa\u015fa&#8217;da ar\u0131zal\u0131 buzdolab\u0131 veyahut ev aletlerinde en ucuz fiyata, en kaliteli tamiri sa\u011flamakt\u0131r. Sonu\u00e7, garantili orijinal yedek par\u00e7a ve Muratpa\u015fa Borsa Teknik uzmanl\u0131\u011f\u0131yla birle\u015fen g\u00fcvenilir tamir \u00e7\u00f6z\u00fcm\u00fc oluyor.<\/p>\n\n\n\n<h3 class=\"wp-block-heading\"><strong>Muratpa\u015fa Beyaz E\u015fya Teknik Servisi 0553 204<\/strong> <strong>74 53:&nbsp;G\u00fcvenilir <strong>Buzdolab\u0131<\/strong> Tamirci<\/strong>si<\/h3>\n\n\n\n<p>Buzdolab\u0131 markalar\u0131n\u0131n tamam\u0131na g\u00fcvenle tamir, bak\u0131m ve onar\u0131m hizmeti vermekteyiz. Hatta Muratpa\u015fa&#8217;da tamirini yapt\u0131\u011f\u0131m\u0131z pop\u00fcler markalardan baz\u0131lar\u0131:<\/p>\n\n\n\n<ol class=\"wp-block-list\">\n<li>Vestel<\/li>\n\n\n\n<li>U\u011fur<\/li>\n\n\n\n<li>Regal<\/li>\n\n\n\n<li>Finlux<\/li>\n\n\n\n<li>Teka<\/li>\n\n\n\n<li>Sunny<\/li>\n\n\n\n<li>Grundig<\/li>\n\n\n\n<li>AEG<\/li>\n\n\n\n<li>LG<\/li>\n\n\n\n<li>Bosch<\/li>\n\n\n\n<li>Ariston Hotpoint<\/li>\n\n\n\n<li>\u0130ndesit<\/li>\n\n\n\n<li>Beko<\/li>\n\n\n\n<li>Ar\u00e7elik<\/li>\n\n\n\n<li>Hoover<\/li>\n\n\n\n<li>Profilo<\/li>\n\n\n\n<li>Seg<\/li>\n\n\n\n<li>Altus<\/li>\n\n\n\n<li>Siemens<\/li>\n\n\n\n<li>Samsung<\/li>\n<\/ol>\n\n\n\n<p>Muratpa\u015fa&#8217;da Buzdolab\u0131 Servisi olarak onar\u0131m\u0131n\u0131 yapt\u0131\u011f\u0131m\u0131z di\u011fer markalar \u015funlard\u0131r. \u0130lk \u00f6nce Awox, Baseus, Flavel,<strong> <\/strong>\u015eenocak, Dijitsu, Elektromarla buzdolab\u0131 Tamiri. Ard\u0131ndan Esty, Bexel, Franke,<strong> <\/strong>Hitachi, Kleo, Leisure buzdolab\u0131 onar\u0131m\u0131. Sonra Liebherr, Lifetech, Miele, Nexon, Senox buzdolab\u0131 bak\u0131m\u0131. Nihayet Sharp, Silverline, Smeg,<strong> <\/strong>Caso, Electrolux, Vestfrost, Windsor tamir servis hizmeti de sunmaktay\u0131z.<\/p>\n\n\n\n<h3 class=\"wp-block-heading\"><strong>Hizmet B\u00f6lgelerimiz<\/strong>:<\/h3>\n\n\n\n<p>Antalya\/Muratpa\u015fa her semt ve mahallesinde Acil Buzdolab\u0131 Tamir servisi hizmeti sunmaktay\u0131z. 0553 204 74 53 telefonundan sundu\u011fumuz Muratpa\u015fa Alo H\u0131zl\u0131 Servis hizmeti isterseniz hemen geliyoruz. Muratpa\u015fa Beyaz E\u015fya Teknik Servisi hizmet b\u00f6lgeleri:<\/p>\n\n\n\n<p>Bah\u00e7elievler<\/p>\n\n\n\n<p>\u00c7ar\u015f\u0131<\/p>\n\n\n\n<p>Eskisanayi<\/p>\n\n\n\n<p>Fener<\/p>\n\n\n\n<p>Gen\u00e7lik<\/p>\n\n\n\n<p>K\u0131z\u0131ltoprak<\/p>\n\n\n\n<p>Lara<\/p>\n\n\n\n<p>Meltem<\/p>\n\n\n\n<p>Meydankava\u011f\u0131<\/p>\n\n\n\n<p>Buzdolab\u0131 Tamir Servisi 0553 204 74 53 BORSA TEKN\u0130K MURATPA\u015eA Beyaz E\u015fya Tamircisi sizin i\u00e7in Antalya&#8217;da.<\/p>\n","protected":false},"excerpt":{"rendered":"<p>Muratpa\u015fa Buzdolab\u0131 Servisi 05532047453 olarak en profesyonel tamir \u00e7\u00f6z\u00fcmleri sunuyoruz. Antalya Muratpa\u015fa Buzdolab\u0131 Tamircisi Muratpa\u015fa Beyaz E\u015fya Teknik Servis 0553 204 74 53, profesyonel \u00e7\u00f6z\u00fcmler sunan buzdolab\u0131 tamircisi. Buzdolab\u0131 Tamirinde Kaliteli \u00c7\u00f6z\u00fcmler Ya\u015fam kalitemizi iyile\u015ftiren buzdolaplar\u0131n\u0131n tamiri i\u00e7in Muratpa\u015fa Beyaz E\u015fya Teknik Servisi kaliteli \u00e7\u00f6z\u00fcmler sunar. Hayat\u0131m\u0131z\u0131n olmazsa olmazlar\u0131ndan olan buzdolaplar\u0131 devaml\u0131 kullan\u0131m ve zamanla [&hellip;]<\/p>\n","protected":false},"author":1,"featured_media":563,"parent":136,"menu_order":0,"comment_status":"closed","ping_status":"closed","template":"","meta":{"om_disable_all_campaigns":false,"_monsterinsights_skip_tracking":false,"_monsterinsights_sitenote_active":false,"_monsterinsights_sitenote_note":"","_monsterinsights_sitenote_category":0,"site-sidebar-layout":"default","site-content-layout":"","ast-site-content-layout":"default","site-content-style":"default","site-sidebar-style":"default","ast-global-header-display":"","ast-banner-title-visibility":"","ast-main-header-display":"","ast-hfb-above-header-display":"","ast-hfb-below-header-display":"","ast-hfb-mobile-header-display":"","site-post-title":"","ast-breadcrumbs-content":"","ast-featured-img":"","footer-sml-layout":"","theme-transparent-header-meta":"","adv-header-id-meta":"","stick-header-meta":"","header-above-stick-meta":"","header-main-stick-meta":"","header-below-stick-meta":"","astra-migrate-meta-layouts":"default","ast-page-background-enabled":"default","ast-page-background-meta":{"desktop":{"background-color":"var(--ast-global-color-4)","background-image":"","background-repeat":"repeat","background-position":"center center","background-size":"auto","background-attachment":"scroll","background-type":"","background-media":"","overlay-type":"","overlay-color":"","overlay-opacity":"","overlay-gradient":""},"tablet":{"background-color":"","background-image":"","background-repeat":"repeat","background-position":"center center","background-size":"auto","background-attachment":"scroll","background-type":"","background-media":"","overlay-type":"","overlay-color":"","overlay-opacity":"","overlay-gradient":""},"mobile":{"background-color":"","background-image":"","background-repeat":"repeat","background-position":"center center","background-size":"auto","background-attachment":"scroll","background-type":"","background-media":"","overlay-type":"","overlay-color":"","overlay-opacity":"","overlay-gradient":""}},"ast-content-background-meta":{"desktop":{"background-color":"var(--ast-global-color-5)","background-image":"","background-repeat":"repeat","background-position":"center center","background-size":"auto","background-attachment":"scroll","background-type":"","background-media":"","overlay-type":"","overlay-color":"","overlay-opacity":"","overlay-gradient":""},"tablet":{"background-color":"var(--ast-global-color-5)","background-image":"","background-repeat":"repeat","background-position":"center center","background-size":"auto","background-attachment":"scroll","background-type":"","background-media":"","overlay-type":"","overlay-color":"","overlay-opacity":"","overlay-gradient":""},"mobile":{"background-color":"var(--ast-global-color-5)","background-image":"","background-repeat":"repeat","background-position":"center center","background-size":"auto","background-attachment":"scroll","background-type":"","background-media":"","overlay-type":"","overlay-color":"","overlay-opacity":"","overlay-gradient":""}},"footnotes":""},"class_list":["post-554","page","type-page","status-publish","has-post-thumbnail","hentry"],"aioseo_notices":[],"_links":{"self":[{"href":"https:\/\/muratpasabeyazesyaservisi.com\/index.php\/wp-json\/wp\/v2\/pages\/554","targetHints":{"allow":["GET"]}}],"collection":[{"href":"https:\/\/muratpasabeyazesyaservisi.com\/index.php\/wp-json\/wp\/v2\/pages"}],"about":[{"href":"https:\/\/muratpasabeyazesyaservisi.com\/index.php\/wp-json\/wp\/v2\/types\/page"}],"author":[{"embeddable":true,"href":"https:\/\/muratpasabeyazesyaservisi.com\/index.php\/wp-json\/wp\/v2\/users\/1"}],"replies":[{"embeddable":true,"href":"https:\/\/muratpasabeyazesyaservisi.com\/index.php\/wp-json\/wp\/v2\/comments?post=554"}],"version-history":[{"count":7,"href":"https:\/\/muratpasabeyazesyaservisi.com\/index.php\/wp-json\/wp\/v2\/pages\/554\/revisions"}],"predecessor-version":[{"id":570,"href":"https:\/\/muratpasabeyazesyaservisi.com\/index.php\/wp-json\/wp\/v2\/pages\/554\/revisions\/570"}],"up":[{"embeddable":true,"href":"https:\/\/muratpasabeyazesyaservisi.com\/index.php\/wp-json\/wp\/v2\/pages\/136"}],"wp:featuredmedia":[{"embeddable":true,"href":"https:\/\/muratpasabeyazesyaservisi.com\/index.php\/wp-json\/wp\/v2\/media\/563"}],"wp:attachment":[{"href":"https:\/\/muratpasabeyazesyaservisi.com\/index.php\/wp-json\/wp\/v2\/media?parent=554"}],"curies":[{"name":"wp","href":"https:\/\/api.w.org\/{rel}","templated":true}]}}