{"id":227,"date":"2024-09-19T20:07:07","date_gmt":"2024-09-19T17:07:07","guid":{"rendered":"https:\/\/muratpasabeyazesyaservisi.com\/?page_id=227"},"modified":"2026-01-03T09:45:37","modified_gmt":"2026-01-03T06:45:37","slug":"muratpasa-beyaz-esya-teknik-servisi-0553-204-74-53","status":"publish","type":"page","link":"https:\/\/muratpasabeyazesyaservisi.com\/index.php\/muratpasa-beyaz-esya-teknik-servisi-0553-204-74-53\/","title":{"rendered":"Muratpa\u015fa\u00a0Beyaz E\u015fya Teknik Servisi 0553 204 74 53"},"content":{"rendered":"\n<p>Muratpa\u015fa Beyaz E\u015fya Teknik Servisi 0553 204 74 53 Buzdolab\u0131 \u00c7ama\u015f\u0131r Makinesi Klima-Kombi Tamir Bak\u0131m Onar\u0131m Servis firmas\u0131d\u0131r. \u00d6ncelikle buzdolab\u0131 tamircisi, \u00e7ama\u015f\u0131r makinesi tamir servisi olarak Muratpa\u015fa b\u00f6lgesinde hizmet vermektedir. Fakat Antalya Muratpa\u015fa il\u00e7esinde t\u00fcm beyaz e\u015fya ve markalar\u0131n\u0131n tamir bak\u0131m onar\u0131m servisi oldu\u011fumuz unutulmamal\u0131d\u0131r. <\/p>\n\n\n\n<p> Bunun yan\u0131 s\u0131ra Kombi, Klima, Beyaz E\u015fya Tamirci Ustas\u0131 olarak kaliteyi Muratpa\u015fa halk\u0131n\u0131n \u00f6n\u00fcne sermekteyiz. Ayr\u0131ca Antalya Muratpa\u015fa Beyaz E\u015fya Teknik Servisi m\u00fc\u015fterilerine her zaman en yak\u0131n mesafede olmu\u015ftur. \u00c7\u00fcnk\u00fc Alo Usta Antalya Muratpa\u015fa. Antalya Muratpa\u015fa Acil Usta Servisi. Antalya Muratpa\u015fa Alo Klima Montaj Ustas\u0131 istemeniz yeterlidir. Acil Tamirci Muratpa\u015fa, randevu al 30 dakikada Servis Ustas\u0131 kap\u0131n\u0131zda, aray\u0131n hemen geliriz.<\/p>\n\n\n\n<h1 class=\"wp-block-heading\">Muratpa\u015fa&nbsp;Beyaz E\u015fya Teknik Servisi 0553 204 74 53 Antalya Buzdolab\u0131 <a href=\"https:\/\/antalyabeyazesyateknikservis07.com\/bahcelievler-beyaz-esya-servisi-0553-204-74-53\/\">\u00c7ama\u015f\u0131r Makinesi Klima-Kombi Tamir<\/a><\/h1>\n\n\n\n<p>Muratpa\u015fa b\u00f6lgesinde ar\u0131zal\u0131 buzdolab\u0131 tamiri veya \u00e7ama\u015f\u0131r makinesi ar\u0131za tamiri i\u00e7in beyaz e\u015fya servisi mi gerekiyor? Veyahut Muratpa\u015fa il\u00e7esinde bula\u015f\u0131k makinesi ar\u0131zas\u0131 i\u00e7in tamirci mi ar\u0131yorsunuz? Hatta WEB de Muratpa\u015fa Klima montaj ustas\u0131 m\u0131 bak\u0131yorsunuz? Tabi ki \u00e7\u00f6z\u00fcm Muratpa\u015fa Beyaz E\u015fya Servisi 0553 204 74 53 yetkili telefon numaras\u0131n\u0131 aramak olacakt\u0131r. B\u00f6ylece Muratpa\u015fa il\u00e7esindeki m\u00fc\u015fterilerimiz ar\u0131zal\u0131 elektrikli ev aletlerini ANTALYA Muratpa\u015fa&#8217;daki en iyi tamirci ustalara yapt\u0131rabilecektir.<\/p>\n\n\n\n<figure class=\"wp-block-image aligncenter size-full is-resized\"><a href=\"https:\/\/www.facebook.com\/MuratpasaBeyazEsyaTeknikServisi\/\"><img loading=\"lazy\" decoding=\"async\" width=\"320\" height=\"189\" src=\"https:\/\/muratpasabeyazesyaservisi.com\/wp-content\/uploads\/2024\/09\/Muratpasa-Beyaz-Esya-Teknik-Servisi-0553-204-74-53-MURATPASA-ANTALYA.png\" alt=\" Muratpa\u015fa Beyaz E\u015fya Teknik Servisi 0553 204 74 53 Antalya Buzdolab\u0131 \u00c7ama\u015f\u0131r Makinesi Klima-Kombi Tamir Bak\u0131m Servisidir,\n ANTALYA\/Muratpa\u015fa Beyaz E\u015fya Tamircisi olarak 05532047453 telefonu ile hizmet vermektedir. Muratpa\u015fa buzdolab\u0131 tamiri, Muratpa\u015fa \u00e7ama\u015f\u0131r makinesi tamir, ANTALYA Muratpa\u015fa bula\u015f\u0131k makinas\u0131 tamircisi usta servisidir. Ayr\u0131ca Muratpa\u015fa Klima Montaj ustas\u0131, Muratpa\u015fa buzdolab\u0131 tamircisi, Muratpa\u015fa \u00e7ama\u015f\u0131r makinesi tamiri, ANTALYA\/Muratpa\u015fa bula\u015f\u0131k makinesi tamir, Muratpa\u015fa Klima gaz bas\u0131m servis firmas\u0131d\u0131r. Muratpa\u015fa Elektrikli Ev Aletleri Tamircisi olarak Pazar g\u00fcnleri de d\u00e2hil olarak her g\u00fcn tamir hizmeti vermektedir.\n Sonu\u00e7 olarak Antalya ili Muratpa\u015fa b\u00f6lgesinde Beyaz E\u015fya Teknik Servisi Buzdolab\u0131 \u00c7ama\u015f\u0131r Makinesi Klima-Kombi Tamir Bak\u0131m Servisi 7\/24 hizmetinizdedir.\" class=\"wp-image-242\" style=\"width:555px;height:auto\" srcset=\"https:\/\/muratpasabeyazesyaservisi.com\/wp-content\/uploads\/2024\/09\/Muratpasa-Beyaz-Esya-Teknik-Servisi-0553-204-74-53-MURATPASA-ANTALYA.png 320w, https:\/\/muratpasabeyazesyaservisi.com\/wp-content\/uploads\/2024\/09\/Muratpasa-Beyaz-Esya-Teknik-Servisi-0553-204-74-53-MURATPASA-ANTALYA-300x177.png 300w\" sizes=\"auto, (max-width: 320px) 100vw, 320px\" \/><\/a><\/figure>\n\n\n\n<p>BORSA TEKN\u0130K- MURATPA\u015eA\/ANTALYA<br>M\u00dc\u015eTER\u0130 H\u0130ZMETLER\u0130 CEP TEL: 0553 204 74 53<br>MURATPA\u015eA BEYAZ E\u015eYA TEKN\u0130K SERV\u0130S\u0130 TAM\u0130R BAKIM ONARIM H\u0130ZMET\u0130 KAL\u0130TE VE G\u00dcVEN\u0130 M\u00dc\u015eTER\u0130LER\u0130 \u0130LE PAYLA\u015eIYOR&#8230;<\/p>\n\n\n\n<p>Muratpa\u015fa Beyaz E\u015fya Servisi 0553 204 74 53 olarak gururluyuz. \u00c7\u00fcnk\u00fc Muratpa\u015fa Klima Kombi ev aletleri tamircileri i\u00e7inde m\u00fc\u015fteri memnuniyeti en y\u00fcksek beyaz e\u015fya tamir servisi firmas\u0131d\u0131r. Bunun yan\u0131 s\u0131ra elektrikli ev aletleri tamircisi olarak hizmetlerimiz Muratpa\u015fa b\u00f6lgesinde taktirlerinize \u015fayand\u0131r. \u00dcstelik Muratpa\u015fa i\u00e7indeki t\u00fcm b\u00f6lgelerde Beyaz E\u015fya, K\u00fc\u00e7\u00fck Ev Aletleri, Klima, Kombi, Termosifon ar\u0131za servis usta hizmeti vermekteyiz.<\/p>\n\n\n\n<p class=\"has-text-align-center\">Muratpa\u015fa il\u00e7esindeki her marka beyaz e\u015fya tamiri i\u00e7in bizimle ileti\u015fime ge\u00e7ebilirsiniz. Ek olarak Muratpa\u015fa Klima ve Kombi Tamir Bak\u0131m Onar\u0131m Servis Sa\u011flay\u0131c\u0131s\u0131 olarak da hizmet vermekteyiz. K\u0131sacas\u0131 Antalya Muratpa\u015fa b\u00f6lgesinde tamirini yapt\u0131\u011f\u0131m\u0131z her dayan\u0131kl\u0131 t\u00fcketim mallar\u0131 bizi mutlu etmektedir. Ayr\u0131ca Muratpa\u015fa il\u00e7esinde s\u00fcrekli ara\u015ft\u0131rma geli\u015ftirme (AR-GE) ekibiyle Tamir kalitesini artt\u0131rmaktad\u0131r. B\u00f6ylece ANTALYA\/Muratpa\u015fa beyaz e\u015fya tamircisi m\u00fc\u015fterilerine en iyi teknik servis hizmetini sunmaktad\u0131r. Sonu\u00e7 olarak Muratpa\u015fa b\u00f6lgesinde kaliteli Beyaz E\u015fya Tamir hizmetini deneyimli ekibimiz siz m\u00fc\u015fterilerimize servis etmektedir.<\/p>\n\n\n\n<h2 class=\"wp-block-heading has-text-align-center\">Muratpa\u015fa&nbsp;Beyaz E\u015fya Teknik Servisi 0553 204 74 53 <a href=\"https:\/\/antalyabeyazesyateknikservis07.com\/muratpasa-antalya-beyaz-esya-teknik-servis-irtibat-telefon-numaralari-905532047453\/\">Antalya Buzdolab\u0131 Bula\u015f\u0131k- \u00c7ama\u015f\u0131r Makinesi Tamiri<\/a><\/h2>\n\n\n\n<div class=\"wp-block-columns is-layout-flex wp-container-core-columns-is-layout-28f84493 wp-block-columns-is-layout-flex\">\n<div class=\"wp-block-column is-layout-flow wp-block-column-is-layout-flow\">\n<ul class=\"wp-block-list\">\n<li>Muratpa\u015fa Beyaz E\u015fya Klima-Kombi Tamir ve Montaj<\/li>\n\n\n\n<li>Antalya Muratpa\u015fa Beko Beyaz E\u015fya Servisi,<\/li>\n\n\n\n<li>Muratpa\u015fa Elektrikli Ev Aletleri Tamiri,<\/li>\n\n\n\n<li>Muratpa\u015fa Vestel Beyaz E\u015fya Servisi,<\/li>\n\n\n\n<li>Antalya Muratpa\u015fa Ar\u00e7elik Servisi Yetkili Telefon Numaras\u0131 0553 204 74 53,<\/li>\n\n\n\n<li>Muratpa\u015fa Buzdolab\u0131 \u00c7ama\u015f\u0131r Makinesi Bula\u015f\u0131k Makinas\u0131 Tamir Servisi,<\/li>\n\n\n\n<li>Muratpa\u015fa Ar\u00e7elik Beyaz E\u015fya Servisi,<\/li>\n\n\n\n<li>Antalya Muratpa\u015fa Siemens Beyaz E\u015fya Tamircisi,<\/li>\n\n\n\n<li>Muratpa\u015fa Bosch Beyaz E\u015fya Servisi,<\/li>\n\n\n\n<li>Muratpa\u015fa Profilo Beyaz E\u015fya Tamir Servisi,<\/li>\n\n\n\n<li>Antalya Muratpa\u015fa Beyaz E\u015fya Klima Kombi Teknik Servisi 0553 204 74 53,<\/li>\n\n\n\n<li>Muratpa\u015fa Samsung Beyaz E\u015fya Servis Ustas\u0131<\/li>\n<\/ul>\n<\/div>\n\n\n\n<div class=\"wp-block-column is-layout-flow wp-block-column-is-layout-flow\">\n<figure class=\"wp-block-image size-full is-resized\"><a href=\"https:\/\/muratpasabeyazesyaservisi05532047453.blogspot.com\/\"><img loading=\"lazy\" decoding=\"async\" width=\"320\" height=\"149\" src=\"https:\/\/muratpasabeyazesyaservisi.com\/wp-content\/uploads\/2024\/09\/Muratpasa-Beyaz-Esya-Tamir-Servisi-0553-204-74-53-Buzdolabi-camasir-makinesi-bulasik-makinasi-klima-tamircisi-MURATPASA-ANTALYA.png\" alt=\"Muratpa\u015fa Beyaz E\u015fya Teknik Servisi 0553 204 74 53 Antalya Buzdolab\u0131 Bula\u015f\u0131k- \u00c7ama\u015f\u0131r Makinesi Tamiri Bak\u0131m Onar\u0131m Hizmeti yan\u0131 s\u0131ra: ANTALYA\/MURATPA\u015eA Klima montaj, Muratpa\u015fa klima gaz bas\u0131m\u0131, Muratpa\u015fa klima-kombi tamir bak\u0131m onar\u0131m servis hizmeti de sunmaktad\u0131r.\" class=\"wp-image-243\" style=\"width:535px;height:auto\" srcset=\"https:\/\/muratpasabeyazesyaservisi.com\/wp-content\/uploads\/2024\/09\/Muratpasa-Beyaz-Esya-Tamir-Servisi-0553-204-74-53-Buzdolabi-camasir-makinesi-bulasik-makinasi-klima-tamircisi-MURATPASA-ANTALYA.png 320w, https:\/\/muratpasabeyazesyaservisi.com\/wp-content\/uploads\/2024\/09\/Muratpasa-Beyaz-Esya-Tamir-Servisi-0553-204-74-53-Buzdolabi-camasir-makinesi-bulasik-makinasi-klima-tamircisi-MURATPASA-ANTALYA-300x140.png 300w\" sizes=\"auto, (max-width: 320px) 100vw, 320px\" \/><\/a><\/figure>\n<\/div>\n<\/div>\n\n\n\n<div class=\"wp-block-columns is-layout-flex wp-container-core-columns-is-layout-28f84493 wp-block-columns-is-layout-flex\">\n<div class=\"wp-block-column is-layout-flow wp-block-column-is-layout-flow\">\n<figure class=\"wp-block-image size-full is-resized\"><a href=\"https:\/\/muratpasabeyazesyaservisi05532047453.blogspot.com\/\"><img loading=\"lazy\" decoding=\"async\" width=\"320\" height=\"150\" src=\"https:\/\/muratpasabeyazesyaservisi.com\/wp-content\/uploads\/2024\/09\/Muratpasa-Beyaz-Esya-Servisi-0553-204-74-53-Tamirci-Servis.png\" alt=\"Antalya Muratpa\u015fa Beyaz E\u015fya Teknik Servisi 0553 204 74 53 olarak,\n\u00d6ncelikle Muratpa\u015fa Vestel Beyaz Tamir E\u015fya Servisi hizmeti,\nArd\u0131ndan Muratpa\u015fa Ar\u00e7elik Yetkili Tamir Servisi, \nMuratpa\u015fa Ariston Hotpoint Beyaz E\u015fya Servisi,\nNihayet Muratpa\u015fa Bosch Beyaz E\u015fya Tamir Servis hizmeti vermektedir, \nAyr\u0131ca Muratpa\u015fa Beyaz E\u015fya Teknik Servisi Antalya Muratpa\u015fa Buzdolab\u0131 \u00c7ama\u015f\u0131r Makinesi Klima- Kombi Tamir Bak\u0131m Servisi olarak,\nAntalya Muratpa\u015fa Profilo Beyaz E\u015fya Usta Servisi,\nEk olarak Muratpa\u015fa Beko Beyaz E\u015fya Tamir Servisi,\nVeyahut Muratpa\u015fa LG Beyaz E\u015fya Servisi,\nHatta Muratpa\u015fa Bosch Tamirci Servisi.\nBunun yan\u0131 s\u0131ra i Antalya Muratpa\u015fa Ariston Hotpoint Buzdolab\u0131 \u00c7ama\u015f\u0131r makinesi Tamircisi,\nMuratpa\u015fa Beko \u00c7ama\u015f\u0131r Makinesi Servisi,\nANTALYA\/MURATPA\u015eA b\u00f6lgesinde Muratpa\u015fa Beyaz E\u015fya Tamircisi olarak daha bir\u00e7ok benzer hizmetimizden yaralanabilirsiniz.\" class=\"wp-image-244\" style=\"width:538px;height:auto\" srcset=\"https:\/\/muratpasabeyazesyaservisi.com\/wp-content\/uploads\/2024\/09\/Muratpasa-Beyaz-Esya-Servisi-0553-204-74-53-Tamirci-Servis.png 320w, https:\/\/muratpasabeyazesyaservisi.com\/wp-content\/uploads\/2024\/09\/Muratpasa-Beyaz-Esya-Servisi-0553-204-74-53-Tamirci-Servis-300x141.png 300w\" sizes=\"auto, (max-width: 320px) 100vw, 320px\" \/><\/a><\/figure>\n<\/div>\n\n\n\n<div class=\"wp-block-column is-layout-flow wp-block-column-is-layout-flow\">\n<ul class=\"wp-block-list\">\n<li>Muratpa\u015fa Siemens Beyaz E\u015fya Servisi,<\/li>\n\n\n\n<li>Antalya Muratpa\u015fa Demir D\u00f6k\u00fcm Ev Aletleri Tamir Servisi,<\/li>\n\n\n\n<li>Muratpa\u015fa Ar\u00e7elik Dayan\u0131kl\u0131 Ev Aletleri Tamir Servisi,<\/li>\n\n\n\n<li>Muratpa\u015fa Ariston Hotpoint Usta Servisi,<\/li>\n\n\n\n<li>Antalya Muratpa\u015fa Baymak Teknik Servisi,<\/li>\n\n\n\n<li>Muratpa\u015fa Beko Tamir Servisi Yetkili Telefon Numaras\u0131 0553 204 74 53,<\/li>\n\n\n\n<li>Muratpa\u015fa Bosch Teknik Servisi Yetkili Telefon Numaras\u0131 0553 204 74 53,<\/li>\n\n\n\n<li>Antalya Muratpa\u015fa ECA Montaj Ustas\u0131,<\/li>\n\n\n\n<li>Muratpa\u015fa Ferroli Onar\u0131m Servisi,<\/li>\n\n\n\n<li>Muratpa\u015fa Protherm Montaj Servisi,<\/li>\n\n\n\n<li>Antalya Muratpa\u015fa Vaillant Teknik Servisi,<\/li>\n\n\n\n<li>Muratpa\u015fa Viessmann Bak\u0131m Servisi,<\/li>\n<\/ul>\n<\/div>\n<\/div>\n\n\n\n<p><a href=\"https:\/\/antalyabeyazesyateknikservis07.com\/muratpasa-beyaz-esya-servis-tel05532047453\/\">BORSA TEKN\u0130K<\/a>-MURATPA\u015eA<br>M\u00dc\u015eTER\u0130 H\u0130ZMETLER\u0130 TEL : 0553 204 74 53<\/p>\n\n\n\n<p>Muratpa\u015fa Beyaz E\u015fya Teknik Servisi 0553 204 74 53 Antalya Buzdolab\u0131 \u00c7ama\u015f\u0131r Makinesi Klima-Kombi Tamir Bak\u0131m Servisidir. \u00d6rnek olarak, MURATPA\u015eA <a href=\"https:\/\/muratpasabeyazesyaservisi.com\/\" target=\"_blank\" rel=\"noreferrer noopener\">KL\u0130MA GAZ BASIMI<\/a> \u00fccretleri nedir? Veyahut MURATPA\u015eA KL\u0130MA TAM\u0130R\u0130 YAPAN SERV\u0130SLER hangisidir. ANTALYA Muratpa\u015fa KL\u0130MA TAM\u0130RC\u0130S\u0130 servis \u00fccreti fiyat\u0131 nedir? \u00d6\u011frenmek isteseniz. MURATPA\u015eA KL\u0130MA TAM\u0130R SERV\u0130S\u0130 05532047453 yetkili telefon numaram\u0131z\u0131 araman\u0131z yeterli olacakt\u0131r. B\u00f6ylece MURATPA\u015eA KL\u0130MA TAM\u0130R\u0130, MURATPA\u015eA KL\u0130MA GAZI, ANTALYA MURATPA\u015eA KL\u0130MA MONTAJ gibi bir\u00e7ok hizmet alabilirsiniz. <\/p>\n\n\n\n<h2 class=\"wp-block-heading\">Muratpa\u015fa Beyaz E\u015fya Tamircisi<\/h2>\n\n\n\n<ul class=\"wp-block-list\">\n<li>\u0130lk \u00d6nce ANTALYA MURATPA\u015eA BEYAZ E\u015eYA TAM\u0130R\u0130 0553 204 74 53,<\/li>\n\n\n\n<li>MURATPA\u015eA&nbsp;KL\u0130MA TAM\u0130RC\u0130 0553 204 74 53,<\/li>\n\n\n\n<li>MURATPA\u015eA BUZDOLABI TAM\u0130RC\u0130S\u0130 0553 204 74 53<\/li>\n\n\n\n<li>ANTALYA MURATPA\u015eA&nbsp;DER\u0130NDONDURUCU SERV\u0130S\u0130 0553 204 74 53<\/li>\n\n\n\n<li>MURATPA\u015eA&nbsp;BUZDOLABI SERV\u0130S\u0130 0553 204 74 53<\/li>\n\n\n\n<li>MURATPA\u015eA \u00c7AMA\u015eIR MAK\u0130NES\u0130 TAM\u0130R SERV\u0130S\u0130 0553 204 74 53<\/li>\n\n\n\n<li>ANTALYA MURATPA\u015eA&nbsp;BUZDOLABI TAM\u0130R\u0130 0553 204 74 53<\/li>\n\n\n\n<li>MURATPA\u015eA \u00c7AMA\u015eIR MAK\u0130NES\u0130 TAM\u0130R\u0130 0553 204 74 53<\/li>\n\n\n\n<li>MURATPA\u015eA BUZDOLABI TAM\u0130R 0553 204 74 53<\/li>\n\n\n\n<li>ANTALYA MURATPA\u015eA&nbsp;\u00c7AMA\u015eIR MAK\u0130NES\u0130 TAM\u0130R USTASI 0553 204 74 53<\/li>\n\n\n\n<li>MURATPA\u015eA&nbsp;\u00c7AMA\u015eIR MAK\u0130NES\u0130 TAM\u0130RC\u0130S\u0130 0553 204 74 53<\/li>\n\n\n\n<li>MURATPA\u015eA&nbsp;BEYAZ E\u015eYA TAM\u0130RC\u0130LER\u0130 0553 204 74 53<\/li>\n\n\n\n<li>ANTALYA MURATPA\u015eA&nbsp;BULA\u015eIK MAK\u0130NES\u0130 TAM\u0130R 0553 204 74 53<\/li>\n\n\n\n<li>MURATPA\u015eA&nbsp;BULA\u015eIK MAK\u0130NES\u0130 TAM\u0130RC\u0130 SERV\u0130S 0553 204 74 53<\/li>\n\n\n\n<li>MURATPA\u015eA DER\u0130N DONDURUCU TAM\u0130R\u0130 0553 204 74 53<\/li>\n\n\n\n<li>ANTALYA MURATPA\u015eA&nbsp;KL\u0130MA TAM\u0130RC\u0130LER\u0130 0553 204 74 53<\/li>\n\n\n\n<li>MURATPA\u015eA&nbsp;BULA\u015eIK MAK\u0130NES\u0130 TAM\u0130RC\u0130LER\u0130 0553 204 74 53<\/li>\n\n\n\n<li>MURATPA\u015eA BULA\u015eIK MAK\u0130NES\u0130 TAM\u0130RC\u0130S\u0130 0553 204 74 53<\/li>\n\n\n\n<li>ANTALYA MURATPA\u015eA&nbsp;BUZDOLABI TAM\u0130RC\u0130LER\u0130 0553 204 74 53<\/li>\n\n\n\n<li>MURATPA\u015eA&nbsp;BEYAZ E\u015eYA KL\u0130MA-KOMB\u0130 TAM\u0130R TEKN\u0130K SERV\u0130S\u0130 0553 204 74 53<\/li>\n\n\n\n<li>MURATPA\u015eA BUZDOLABI TAM\u0130RC\u0130 0553 204 74 53<\/li>\n\n\n\n<li>ANTALYA MURATPA\u015eA&nbsp;\u00c7AMA\u015eIR MAK\u0130NES\u0130 TAM\u0130RC\u0130LER\u0130 0553 204 74 53<\/li>\n\n\n\n<li>MURATPA\u015eA&nbsp;BEYAZ E\u015eYA TAM\u0130RC\u0130 0553 204 74 53<\/li>\n\n\n\n<li>MURATPA\u015eA \u00c7AMA\u015eIR MAK\u0130NES\u0130 TAM\u0130RC\u0130 USTALARI 0553 204 74 53<\/li>\n\n\n\n<li>ANTALYA MURATPA\u015eA&nbsp;KL\u0130MA TAM\u0130R 0553 204 74 53<\/li>\n\n\n\n<li>MURATPA\u015eA&nbsp;KL\u0130MA TAM\u0130RC\u0130S\u0130 0553 204 74 53<\/li>\n\n\n\n<li>MURATPA\u015eA BULA\u015eIK MAK\u0130NES\u0130 TAM\u0130R\u0130 0553 204 74 53<\/li>\n\n\n\n<li>ANTALYA MURATPA\u015eA&nbsp;BEYAZ E\u015eYA TEKN\u0130K SERV\u0130S\u0130 0553 204 74 53<\/li>\n\n\n\n<li>MURATPA\u015eA BULA\u015eIK MAK\u0130NES\u0130 TAM\u0130R SERV\u0130S\u0130 0553 204 74 53<\/li>\n\n\n\n<li>ANTALYA MURATPA\u015eA&nbsp;BEYAZ E\u015eYA TAM\u0130RC\u0130S\u0130 0553 204 74 53<\/li>\n<\/ul>\n\n\n\n<h3 class=\"wp-block-heading has-text-align-center\">MURATPA\u015eA BUZDOLABI BULA\u015eIK MAK\u0130NASI \u00c7AMA\u015eIR MAK\u0130NES\u0130 TAM\u0130RC\u0130S\u0130 KL\u0130MA MONTAJ SERV\u0130S\u0130<\/h3>\n\n\n\n<p>\u00d6nce Muratpa\u015fa \u00c7AMA\u015eIR MAK\u0130NASI TAM\u0130R YAPANLAR YAPAN YERLER. Veyahut Antalya Muratpa\u015fa \u00c7AMA\u015eIR MAK\u0130NES\u0130 TAM\u0130R\u0130 YAPANLAR. Sonra Muratpa\u015fa \u00c7AMA\u015eIR MAK\u0130NES\u0130 TAM\u0130R BAKIM SERV\u0130S\u0130. Ard\u0131ndan Muratpa\u015fa BULA\u015eIK MAK\u0130NES\u0130 TAM\u0130R USTASI. Sonras\u0131nda Antalya Muratpa\u015fa BULA\u015eIK MAK\u0130NES\u0130 SERV\u0130S TAM\u0130RC\u0130S\u0130. Muratpa\u015fa BULA\u015eIK MAK\u0130NES\u0130 USTA SERV\u0130S\u0130. Muratpa\u015fa KL\u0130MA MONTAJCISI. Antalya Muratpa\u015fa BULA\u015eIK MAK\u0130NES\u0130 TAM\u0130RC\u0130LER\u0130 SERV\u0130S USTALARI olarak 7\/24 hizmetinizdeyiz. Muratpa\u015fa BUZDOLABI TAM\u0130R YAPANLAR, YAPAN YERLER veya Muratpa\u015fa BUZDOLABI TAM\u0130RC\u0130S\u0130 ARIYORUM diyorsan\u0131z. O halde biz Antalya Muratpa\u015fa ELEKTR\u0130KL\u0130 EV ALETLER\u0130 TAM\u0130RC\u0130S\u0130, Muratpa\u015fa BUZDOLABI SERV\u0130S\u0130. Ayr\u0131ca Muratpa\u015fa BEYAZ E\u015eYA TAM\u0130RC\u0130S\u0130, Muratpa\u015fa BUZDOLABI TAM\u0130R TEKN\u0130K SERV\u0130S\u0130. Ek olarak Antalya Muratpa\u015fa \u00c7AMA\u015eIR MAK\u0130NES\u0130 TAM\u0130R USTASI. Hatta Muratpa\u015fa \u00c7AMA\u015eIR MAK\u0130NES\u0130 USTA SERV\u0130S\u0130 olarak daha bir\u00e7ok alanda hizmetinizdeyiz <\/p>\n\n\n\n<p>ANTALYA MURATPA\u015eA \u0130L\u00c7E MERKEZ\u0130 ba\u015fta olmak \u00fczere \u00f6ncelikle \u00c7AR\u015eI semti KI\u015eLA, KIZILSARAY, \u00dc\u00c7GEN mahalleleri. Ard\u0131ndan LARA G\u00dcZELOBA, MELTEM, G\u00dcVENL\u0130K, BAYINDIR, SO\u011eUKSU b\u00f6lgeleri. Sonras\u0131nda ise ESK\u0130SANAY\u0130 KONUKSEVER, SED\u0130R. BAH\u00c7EL\u0130EVLER YILDIZ, VARLIK ve&nbsp;MEMUREVLER\u0130. Ek olarak KIZILTOPRAK GEB\u0130ZL\u0130, KIZILARIK, TOP\u00c7ULAR, YEN\u0130G\u00dcN, Y\u00dcKSEKALAN mahalleleri. Hatta FENER \u015e\u0130R\u0130NYALI, YE\u015e\u0130LBAH\u00c7E. Nihayet GEN\u00c7L\u0130K HA\u015e\u0130M\u0130\u015eCAN, MEYDANKAVA\u011eI, KIRCAM\u0130 mahalleleri ba\u015fl\u0131ca hizmet b\u00f6lgelerimize \u00f6rnekler te\u015fkil etmektedir.&nbsp;<\/p>\n\n\n\n<p>Muratpa\u015fa Beyaz E\u015fya Teknik Servisi 0553 204 74 53 Antalya Buzdolab\u0131 \u00c7ama\u015f\u0131r Makinesi Klima-Kombi Tamir Bak\u0131m Servis hizmetinizdedir.<\/p>\n\n\n\n<p>#Muratpa\u015faBeyazE\u015fyaServisi , #MeltemBeyazE\u015fyaServisi , #muratpa\u015fabeyaze\u015fyatamiri , #LaraBeyazE\u015fyaServisi , #muratpa\u015fabeyaze\u015fyatamirci , #K\u0131z\u0131ltoprakBeyazE\u015fyaServisi , #muratpa\u015fabuzdolab\u0131tamircisi ,  #Gen\u00e7likBeyazE\u015fyaServisi ,&nbsp;#muratpa\u015fa\u00e7ama\u015f\u0131rmakinesitamircisi , #Bah\u00e7elievlerBeyazE\u015fyaServisi&nbsp;#muratpa\u015fabula\u015f\u0131kmakinesitamircisi ,&nbsp;#AntalyaBeyazE\u015fyaServisi , #muratpa\u015fabeyaze\u015fyatamircisi <\/p>\n","protected":false},"excerpt":{"rendered":"<p>Muratpa\u015fa Beyaz E\u015fya Teknik Servisi 0553 204 74 53 Buzdolab\u0131 \u00c7ama\u015f\u0131r Makinesi Klima-Kombi Tamir Bak\u0131m Onar\u0131m Servis firmas\u0131d\u0131r. \u00d6ncelikle buzdolab\u0131 tamircisi, \u00e7ama\u015f\u0131r makinesi tamir servisi olarak Muratpa\u015fa b\u00f6lgesinde hizmet vermektedir. Fakat Antalya Muratpa\u015fa il\u00e7esinde t\u00fcm beyaz e\u015fya ve markalar\u0131n\u0131n tamir bak\u0131m onar\u0131m servisi oldu\u011fumuz unutulmamal\u0131d\u0131r. Bunun yan\u0131 s\u0131ra Kombi, Klima, Beyaz E\u015fya Tamirci Ustas\u0131 olarak [&hellip;]<\/p>\n","protected":false},"author":1,"featured_media":242,"parent":0,"menu_order":0,"comment_status":"closed","ping_status":"closed","template":"","meta":{"om_disable_all_campaigns":false,"_monsterinsights_skip_tracking":false,"_monsterinsights_sitenote_active":false,"_monsterinsights_sitenote_note":"","_monsterinsights_sitenote_category":0,"site-sidebar-layout":"default","site-content-layout":"","ast-site-content-layout":"default","site-content-style":"default","site-sidebar-style":"default","ast-global-header-display":"","ast-banner-title-visibility":"","ast-main-header-display":"","ast-hfb-above-header-display":"","ast-hfb-below-header-display":"","ast-hfb-mobile-header-display":"","site-post-title":"","ast-breadcrumbs-content":"","ast-featured-img":"","footer-sml-layout":"","theme-transparent-header-meta":"","adv-header-id-meta":"","stick-header-meta":"","header-above-stick-meta":"","header-main-stick-meta":"","header-below-stick-meta":"","astra-migrate-meta-layouts":"default","ast-page-background-enabled":"default","ast-page-background-meta":{"desktop":{"background-color":"var(--ast-global-color-4)","background-image":"","background-repeat":"repeat","background-position":"center center","background-size":"auto","background-attachment":"scroll","background-type":"","background-media":"","overlay-type":"","overlay-color":"","overlay-opacity":"","overlay-gradient":""},"tablet":{"background-color":"","background-image":"","background-repeat":"repeat","background-position":"center center","background-size":"auto","background-attachment":"scroll","background-type":"","background-media":"","overlay-type":"","overlay-color":"","overlay-opacity":"","overlay-gradient":""},"mobile":{"background-color":"","background-image":"","background-repeat":"repeat","background-position":"center center","background-size":"auto","background-attachment":"scroll","background-type":"","background-media":"","overlay-type":"","overlay-color":"","overlay-opacity":"","overlay-gradient":""}},"ast-content-background-meta":{"desktop":{"background-color":"var(--ast-global-color-5)","background-image":"","background-repeat":"repeat","background-position":"center center","background-size":"auto","background-attachment":"scroll","background-type":"","background-media":"","overlay-type":"","overlay-color":"","overlay-opacity":"","overlay-gradient":""},"tablet":{"background-color":"var(--ast-global-color-5)","background-image":"","background-repeat":"repeat","background-position":"center center","background-size":"auto","background-attachment":"scroll","background-type":"","background-media":"","overlay-type":"","overlay-color":"","overlay-opacity":"","overlay-gradient":""},"mobile":{"background-color":"var(--ast-global-color-5)","background-image":"","background-repeat":"repeat","background-position":"center center","background-size":"auto","background-attachment":"scroll","background-type":"","background-media":"","overlay-type":"","overlay-color":"","overlay-opacity":"","overlay-gradient":""}},"footnotes":""},"class_list":["post-227","page","type-page","status-publish","has-post-thumbnail","hentry"],"aioseo_notices":[],"_links":{"self":[{"href":"https:\/\/muratpasabeyazesyaservisi.com\/index.php\/wp-json\/wp\/v2\/pages\/227","targetHints":{"allow":["GET"]}}],"collection":[{"href":"https:\/\/muratpasabeyazesyaservisi.com\/index.php\/wp-json\/wp\/v2\/pages"}],"about":[{"href":"https:\/\/muratpasabeyazesyaservisi.com\/index.php\/wp-json\/wp\/v2\/types\/page"}],"author":[{"embeddable":true,"href":"https:\/\/muratpasabeyazesyaservisi.com\/index.php\/wp-json\/wp\/v2\/users\/1"}],"replies":[{"embeddable":true,"href":"https:\/\/muratpasabeyazesyaservisi.com\/index.php\/wp-json\/wp\/v2\/comments?post=227"}],"version-history":[{"count":60,"href":"https:\/\/muratpasabeyazesyaservisi.com\/index.php\/wp-json\/wp\/v2\/pages\/227\/revisions"}],"predecessor-version":[{"id":678,"href":"https:\/\/muratpasabeyazesyaservisi.com\/index.php\/wp-json\/wp\/v2\/pages\/227\/revisions\/678"}],"wp:featuredmedia":[{"embeddable":true,"href":"https:\/\/muratpasabeyazesyaservisi.com\/index.php\/wp-json\/wp\/v2\/media\/242"}],"wp:attachment":[{"href":"https:\/\/muratpasabeyazesyaservisi.com\/index.php\/wp-json\/wp\/v2\/media?parent=227"}],"curies":[{"name":"wp","href":"https:\/\/api.w.org\/{rel}","templated":true}]}}